{"id":627,"date":"2022-02-03T15:08:22","date_gmt":"2022-02-03T15:08:22","guid":{"rendered":"https:\/\/paekivi.ee\/etusivulle\/"},"modified":"2022-07-27T08:04:46","modified_gmt":"2022-07-27T08:04:46","slug":"etusivulle","status":"publish","type":"page","link":"https:\/\/paekivi.ee\/fi\/","title":{"rendered":"Etusivulle"},"content":{"rendered":"<p><div class=\"fusion-fullwidth fullwidth-box fusion-builder-row-1 fusion-flex-container fusion-parallax-none hundred-percent-fullwidth non-hundred-percent-height-scrolling\" style=\"--awb-background-blend-mode:multiply;--awb-border-radius-top-left:0px;--awb-border-radius-top-right:0px;--awb-border-radius-bottom-right:0px;--awb-border-radius-bottom-left:0px;--awb-padding-top:250px;--awb-padding-bottom:250px;--awb-padding-top-small:110px;--awb-padding-bottom-small:110px;--awb-background-color:rgba(115,115,115,0.33);--awb-background-image:url(&quot;https:\/\/paekivi.ee\/wp-content\/uploads\/2022\/04\/paekivi-avaleht-rotated.jpeg&quot;);--awb-background-size:cover;--awb-flex-wrap:wrap;\" ><div class=\"fusion-builder-row fusion-row fusion-flex-align-items-flex-start fusion-flex-content-wrap\" style=\"width:104% !important;max-width:104% !important;margin-left: calc(-4% \/ 2 );margin-right: calc(-4% \/ 2 );\"><div class=\"fusion-layout-column fusion_builder_column fusion-builder-column-0 fusion_builder_column_1_1 1_1 fusion-flex-column\" style=\"--awb-bg-size:cover;--awb-width-large:100%;--awb-margin-top-large:0px;--awb-spacing-right-large:1.92%;--awb-margin-bottom-large:20px;--awb-spacing-left-large:1.92%;--awb-width-medium:100%;--awb-order-medium:0;--awb-spacing-right-medium:1.92%;--awb-spacing-left-medium:1.92%;--awb-width-small:100%;--awb-order-small:0;--awb-spacing-right-small:1.92%;--awb-spacing-left-small:1.92%;\"><div class=\"fusion-column-wrapper fusion-column-has-shadow fusion-flex-justify-content-flex-start fusion-content-layout-column\"><div class=\"fusion-title title fusion-title-1 fusion-sep-none fusion-title-center fusion-title-text fusion-title-size-one\" style=\"--awb-text-color:var(--awb-color1);--awb-font-size:50px;\"><h1 class=\"fusion-title-heading title-heading-center\" style=\"font-family:var(--awb-typography1-font-family);font-weight:var(--awb-typography1-font-weight);font-style:var(--awb-typography1-font-style);margin:0;font-size:1em;letter-spacing:var(--awb-typography1-letter-spacing);line-height:var(--awb-typography1-line-height);text-shadow:1px 2px 9px rgba(51,51,51,0.61);\">KALKKIKIVI, JOKA YLL\u00c4TT\u00c4\u00c4 SINUT<\/h1><\/div><div class=\"fusion-image-element \" style=\"text-align:center;--awb-margin-top:20px;--awb-caption-title-font-family:var(--h2_typography-font-family);--awb-caption-title-font-weight:var(--h2_typography-font-weight);--awb-caption-title-font-style:var(--h2_typography-font-style);--awb-caption-title-size:var(--h2_typography-font-size);--awb-caption-title-transform:var(--h2_typography-text-transform);--awb-caption-title-line-height:var(--h2_typography-line-height);--awb-caption-title-letter-spacing:var(--h2_typography-letter-spacing);\"><span class=\" fusion-imageframe imageframe-none imageframe-1 hover-type-none\"><img decoding=\"async\" width=\"362\" height=\"80\" title=\"p6hjakivi_logo-valge\" src=\"https:\/\/paekivi.ee\/wp-content\/uploads\/2022\/04\/p6hjakivi_logo-012.png\" alt class=\"img-responsive wp-image-449\" srcset=\"https:\/\/paekivi.ee\/wp-content\/uploads\/2022\/04\/p6hjakivi_logo-012-200x44.png 200w, https:\/\/paekivi.ee\/wp-content\/uploads\/2022\/04\/p6hjakivi_logo-012.png 362w\" sizes=\"(max-width: 640px) 100vw, 362px\" \/><\/span><\/div><\/div><\/div><\/div><\/div><div class=\"fusion-fullwidth fullwidth-box fusion-builder-row-2 fusion-flex-container nonhundred-percent-fullwidth non-hundred-percent-height-scrolling\" style=\"--awb-border-radius-top-left:0px;--awb-border-radius-top-right:0px;--awb-border-radius-bottom-right:0px;--awb-border-radius-bottom-left:0px;--awb-margin-top:30px;--awb-flex-wrap:wrap;\" ><div class=\"fusion-builder-row fusion-row fusion-flex-align-items-flex-start fusion-flex-content-wrap\" style=\"max-width:1248px;margin-left: calc(-4% \/ 2 );margin-right: calc(-4% \/ 2 );\"><div class=\"fusion-layout-column fusion_builder_column fusion-builder-column-1 fusion_builder_column_1_1 1_1 fusion-flex-column\" style=\"--awb-bg-size:cover;--awb-width-large:100%;--awb-margin-top-large:0px;--awb-spacing-right-large:1.92%;--awb-margin-bottom-large:20px;--awb-spacing-left-large:1.92%;--awb-width-medium:100%;--awb-order-medium:0;--awb-spacing-right-medium:1.92%;--awb-spacing-left-medium:1.92%;--awb-width-small:100%;--awb-order-small:0;--awb-spacing-right-small:1.92%;--awb-spacing-left-small:1.92%;\"><div class=\"fusion-column-wrapper fusion-column-has-shadow fusion-flex-justify-content-flex-start fusion-content-layout-column\"><div class=\"fusion-text fusion-text-1\" style=\"--awb-text-transform:none;\"><h1>L\u00f6yd\u00e4 virolaisen kalkkikiven kauneus!<\/h1>\n<div class=\"wpb_text_column wpb_content_element \">\n<div class=\"wpb_wrapper\">\n<p>Kalkkikive\u00e4mme on k\u00e4ytetty laadukkaana rakennusmateriaalina Virossa jo vuosikymmenten ajan ja voit n\u00e4hd\u00e4 sit\u00e4 mm. Tallinnan vanhassa kaupungissa. T\u00e4ll\u00e4 hetkell\u00e4 materiaaliamme arvostetaan ymp\u00e4ri Eurooppaa.<\/p>\n<p>Kalkkikivemme on per\u00e4isin paleoliittisen It\u00e4meren pohjasta, joka sijaitsi t\u00e4\u00e4ll\u00e4 vuosimiljardeja sitten. T\u00e4m\u00e4 kalkkikivi kest\u00e4\u00e4 ankaria s\u00e4\u00e4olosuhteita, vaihtelevia l\u00e4mp\u00f6tilaeroja ja kosteutta, joten se soveltuu monipuolisesti sek\u00e4 ulko- ett\u00e4 sis\u00e4k\u00e4ytt\u00f6\u00f6n.<\/p>\n<p>Viron maaper\u00e4ss\u00e4 kalkkikive\u00e4 esiintyy kerroksittain ja eri kerroksilla on erilaisia ominaisuuksia, jotka mahdollistavat erilaisten rakennusmateriaalien, p\u00e4\u00e4llystelaattojen, kodin sisustustarvikkeiden, sek\u00e4 muiden k\u00e4yt\u00e4nn\u00f6llisten tuotteiden valmistuksen. Ker\u00e4\u00e4mme raakamateriaalimme useilta virolaisilta louhoksilta, joten pystymme tarjoamaan lukuisia v\u00e4ri- ja kuviovaihtoehtoja. Laadukkaimmat tuotteet valitaan louhoksilta yksil\u00f6llisesti ja tietyst\u00e4 maakerroksesta. Suurin osa kivimateriaalistamme ker\u00e4t\u00e4\u00e4n joko sahalinjastossa, tai pneumaattisin v\u00e4linein. K\u00e4yt\u00e4mme my\u00f6s modernia tarkkuusteknologiaa paikoissa, joissa kivi on erityisen paksua.<\/p>\n<p>P\u00f5hjakiven laadukkaat kivituotteet ovat Virossa hyvin tunnettuja jo vuodesta 1980 l\u00e4htien ja se on rekister\u00f6ity tuotemerkki. Tuotantoprosessit ovat kiertotalouden periaatteiden mukaisia. Olemme avoimia kaikenlaisille tiedusteluille, isoille ja pienille.<\/p>\n<p>L\u00f6yd\u00e4t tuoteluettelomme lis\u00e4tietoineen t\u00e4\u00e4lt\u00e4.<\/p>\n<p>Yst\u00e4v\u00e4llisin terveisin,<\/p>\n<p>P\u00f5hjakivi<\/p>\n<\/div>\n<\/div>\n<\/div><\/div><\/div><\/div><\/div><div class=\"fusion-fullwidth fullwidth-box fusion-builder-row-3 fusion-flex-container nonhundred-percent-fullwidth non-hundred-percent-height-scrolling\" style=\"--awb-border-radius-top-left:0px;--awb-border-radius-top-right:0px;--awb-border-radius-bottom-right:0px;--awb-border-radius-bottom-left:0px;--awb-flex-wrap:wrap;\" ><div class=\"fusion-builder-row fusion-row fusion-flex-align-items-flex-start fusion-flex-content-wrap\" style=\"max-width:1248px;margin-left: calc(-4% \/ 2 );margin-right: calc(-4% \/ 2 );\"><div class=\"fusion-layout-column fusion_builder_column fusion-builder-column-2 fusion_builder_column_1_1 1_1 fusion-flex-column\" style=\"--awb-bg-size:cover;--awb-width-large:100%;--awb-margin-top-large:0px;--awb-spacing-right-large:1.92%;--awb-margin-bottom-large:20px;--awb-spacing-left-large:1.92%;--awb-width-medium:100%;--awb-order-medium:0;--awb-spacing-right-medium:1.92%;--awb-spacing-left-medium:1.92%;--awb-width-small:100%;--awb-order-small:0;--awb-spacing-right-small:1.92%;--awb-spacing-left-small:1.92%;\"><div class=\"fusion-column-wrapper fusion-column-has-shadow fusion-flex-justify-content-flex-start fusion-content-layout-column\"><div class=\"fusion-text fusion-text-2\" style=\"--awb-font-size:28px;--awb-text-transform:none;\"><p style=\"text-align: center;\">Suosituimmat kivet<\/p>\n<\/div><div class=\"fusion-post-cards fusion-post-cards-1 fusion-grid-archive fusion-grid-columns-4\"><ul class=\"fusion-grid fusion-grid-4 fusion-flex-align-items-flex-start fusion-grid-posts-cards\"><li class=\"fusion-layout-column fusion_builder_column fusion-builder-column-3 fusion-flex-column post-card fusion-grid-column fusion-post-cards-grid-column\" style=\"--awb-padding-top:4%;--awb-padding-right:2%;--awb-padding-bottom:4%;--awb-padding-left:2%;--awb-bg-blend:overlay;--awb-bg-size:cover;\"><div class=\"fusion-column-wrapper fusion-column-has-shadow fusion-flex-justify-content-flex-start fusion-content-layout-column\"><div class=\"fusion-image-element \" style=\"--awb-liftup-border-radius:0px;--awb-caption-title-font-family:var(--h2_typography-font-family);--awb-caption-title-font-weight:var(--h2_typography-font-weight);--awb-caption-title-font-style:var(--h2_typography-font-style);--awb-caption-title-size:var(--h2_typography-font-size);--awb-caption-title-transform:var(--h2_typography-text-transform);--awb-caption-title-line-height:var(--h2_typography-line-height);--awb-caption-title-letter-spacing:var(--h2_typography-letter-spacing);\"><div class=\"awb-image-frame awb-image-frame-2 imageframe-liftup\"><span class=\" fusion-imageframe imageframe-none imageframe-2\"><a class=\"fusion-no-lightbox\" href=\"https:\/\/paekivi.ee\/fi\/kivi\/aseri-oo\/\" target=\"_self\" aria-label=\"Aseri Night\"><img decoding=\"async\" width=\"800\" height=\"800\" src=\"https:\/\/paekivi.ee\/wp-content\/uploads\/2022\/04\/Aseri-Night.jpg\" alt class=\"img-responsive wp-image-437\" srcset=\"https:\/\/paekivi.ee\/wp-content\/uploads\/2022\/04\/Aseri-Night-200x200.jpg 200w, https:\/\/paekivi.ee\/wp-content\/uploads\/2022\/04\/Aseri-Night-400x400.jpg 400w, https:\/\/paekivi.ee\/wp-content\/uploads\/2022\/04\/Aseri-Night-600x600.jpg 600w, https:\/\/paekivi.ee\/wp-content\/uploads\/2022\/04\/Aseri-Night.jpg 800w\" sizes=\"(max-width: 640px) 100vw, 800px\" \/><\/a><\/span><\/div><\/div><div class=\"fusion-text fusion-text-3\" style=\"--awb-content-alignment:center;--awb-font-size:20px;--awb-text-transform:none;--awb-margin-top:15px;\"><p>Aseri \u00d6\u00d6<\/p>\n<\/div><\/div><\/li>\n<li class=\"fusion-layout-column fusion_builder_column fusion-builder-column-4 fusion-flex-column post-card fusion-grid-column fusion-post-cards-grid-column\" style=\"--awb-padding-top:4%;--awb-padding-right:2%;--awb-padding-bottom:4%;--awb-padding-left:2%;--awb-bg-blend:overlay;--awb-bg-size:cover;\"><div class=\"fusion-column-wrapper fusion-column-has-shadow fusion-flex-justify-content-flex-start fusion-content-layout-column\"><div class=\"fusion-image-element \" style=\"--awb-liftup-border-radius:0px;--awb-caption-title-font-family:var(--h2_typography-font-family);--awb-caption-title-font-weight:var(--h2_typography-font-weight);--awb-caption-title-font-style:var(--h2_typography-font-style);--awb-caption-title-size:var(--h2_typography-font-size);--awb-caption-title-transform:var(--h2_typography-text-transform);--awb-caption-title-line-height:var(--h2_typography-line-height);--awb-caption-title-letter-spacing:var(--h2_typography-letter-spacing);\"><div class=\"awb-image-frame awb-image-frame-3 imageframe-liftup\"><span class=\" fusion-imageframe imageframe-none imageframe-3\"><a class=\"fusion-no-lightbox\" href=\"https:\/\/paekivi.ee\/fi\/kivi\/borealis-kalkkikivi\/\" target=\"_self\" aria-label=\"Borealis kivi\"><img decoding=\"async\" width=\"800\" height=\"800\" src=\"https:\/\/paekivi.ee\/wp-content\/uploads\/2022\/04\/Borealis-kivi.jpg\" alt class=\"img-responsive wp-image-533\" srcset=\"https:\/\/paekivi.ee\/wp-content\/uploads\/2022\/04\/Borealis-kivi-200x200.jpg 200w, https:\/\/paekivi.ee\/wp-content\/uploads\/2022\/04\/Borealis-kivi-400x400.jpg 400w, https:\/\/paekivi.ee\/wp-content\/uploads\/2022\/04\/Borealis-kivi-600x600.jpg 600w, https:\/\/paekivi.ee\/wp-content\/uploads\/2022\/04\/Borealis-kivi.jpg 800w\" sizes=\"(max-width: 640px) 100vw, 800px\" \/><\/a><\/span><\/div><\/div><div class=\"fusion-text fusion-text-4\" style=\"--awb-content-alignment:center;--awb-font-size:20px;--awb-text-transform:none;--awb-margin-top:15px;\"><p>Borealis kalkkikivi<\/p>\n<\/div><\/div><\/li>\n<li class=\"fusion-layout-column fusion_builder_column fusion-builder-column-5 fusion-flex-column post-card fusion-grid-column fusion-post-cards-grid-column\" style=\"--awb-padding-top:4%;--awb-padding-right:2%;--awb-padding-bottom:4%;--awb-padding-left:2%;--awb-bg-blend:overlay;--awb-bg-size:cover;\"><div class=\"fusion-column-wrapper fusion-column-has-shadow fusion-flex-justify-content-flex-start fusion-content-layout-column\"><div class=\"fusion-image-element \" style=\"--awb-liftup-border-radius:0px;--awb-caption-title-font-family:var(--h2_typography-font-family);--awb-caption-title-font-weight:var(--h2_typography-font-weight);--awb-caption-title-font-style:var(--h2_typography-font-style);--awb-caption-title-size:var(--h2_typography-font-size);--awb-caption-title-transform:var(--h2_typography-text-transform);--awb-caption-title-line-height:var(--h2_typography-line-height);--awb-caption-title-letter-spacing:var(--h2_typography-letter-spacing);\"><div class=\"awb-image-frame awb-image-frame-4 imageframe-liftup\"><span class=\" fusion-imageframe imageframe-none imageframe-4\"><a class=\"fusion-no-lightbox\" href=\"https:\/\/paekivi.ee\/fi\/kivi\/kunda-kultainen-ja-kunda-musta\/\" target=\"_self\" aria-label=\"Kunda kuldne\"><img decoding=\"async\" width=\"800\" height=\"800\" src=\"https:\/\/paekivi.ee\/wp-content\/uploads\/2022\/04\/Kunda-kuldne.jpg\" alt class=\"img-responsive wp-image-541\" srcset=\"https:\/\/paekivi.ee\/wp-content\/uploads\/2022\/04\/Kunda-kuldne-200x200.jpg 200w, https:\/\/paekivi.ee\/wp-content\/uploads\/2022\/04\/Kunda-kuldne-400x400.jpg 400w, https:\/\/paekivi.ee\/wp-content\/uploads\/2022\/04\/Kunda-kuldne-600x600.jpg 600w, https:\/\/paekivi.ee\/wp-content\/uploads\/2022\/04\/Kunda-kuldne.jpg 800w\" sizes=\"(max-width: 640px) 100vw, 800px\" \/><\/a><\/span><\/div><\/div><div class=\"fusion-text fusion-text-5\" style=\"--awb-content-alignment:center;--awb-font-size:20px;--awb-text-transform:none;--awb-margin-top:15px;\"><p>Kunda kultainen ja Kunda musta<\/p>\n<\/div><\/div><\/li>\n<li class=\"fusion-layout-column fusion_builder_column fusion-builder-column-6 fusion-flex-column post-card fusion-grid-column fusion-post-cards-grid-column\" style=\"--awb-padding-top:4%;--awb-padding-right:2%;--awb-padding-bottom:4%;--awb-padding-left:2%;--awb-bg-blend:overlay;--awb-bg-size:cover;\"><div class=\"fusion-column-wrapper fusion-column-has-shadow fusion-flex-justify-content-flex-start fusion-content-layout-column\"><div class=\"fusion-image-element \" style=\"--awb-liftup-border-radius:0px;--awb-caption-title-font-family:var(--h2_typography-font-family);--awb-caption-title-font-weight:var(--h2_typography-font-weight);--awb-caption-title-font-style:var(--h2_typography-font-style);--awb-caption-title-size:var(--h2_typography-font-size);--awb-caption-title-transform:var(--h2_typography-text-transform);--awb-caption-title-line-height:var(--h2_typography-line-height);--awb-caption-title-letter-spacing:var(--h2_typography-letter-spacing);\"><div class=\"awb-image-frame awb-image-frame-5 imageframe-liftup\"><span class=\" fusion-imageframe imageframe-none imageframe-5\"><a class=\"fusion-no-lightbox\" href=\"https:\/\/paekivi.ee\/fi\/kivi\/kirju-karn-hall-arssin-ristikord-ja-muut\/\" target=\"_self\" aria-label=\"Half-Grinded Valkla\"><img decoding=\"async\" width=\"799\" height=\"796\" src=\"https:\/\/paekivi.ee\/wp-content\/uploads\/2022\/04\/Half-Grinded-Valkla.jpg\" alt class=\"img-responsive wp-image-551\" srcset=\"https:\/\/paekivi.ee\/wp-content\/uploads\/2022\/04\/Half-Grinded-Valkla-200x199.jpg 200w, https:\/\/paekivi.ee\/wp-content\/uploads\/2022\/04\/Half-Grinded-Valkla-400x398.jpg 400w, https:\/\/paekivi.ee\/wp-content\/uploads\/2022\/04\/Half-Grinded-Valkla-600x598.jpg 600w, https:\/\/paekivi.ee\/wp-content\/uploads\/2022\/04\/Half-Grinded-Valkla.jpg 799w\" sizes=\"(max-width: 640px) 100vw, 799px\" \/><\/a><\/span><\/div><\/div><div class=\"fusion-text fusion-text-6\" style=\"--awb-content-alignment:center;--awb-font-size:20px;--awb-text-transform:none;--awb-margin-top:15px;\"><p>Kirju k\u00e4rn, Hall Arssin, Ristikord ja muut<\/p>\n<\/div><\/div><\/li>\n<\/ul><\/div><\/div><\/div><\/div><\/div><\/p>\n","protected":false},"excerpt":{"rendered":"","protected":false},"author":1,"featured_media":0,"parent":0,"menu_order":0,"comment_status":"closed","ping_status":"closed","template":"100-width.php","meta":{"_acf_changed":false,"footnotes":""},"class_list":["post-627","page","type-page","status-publish","hentry"],"acf":[],"yoast_head":"<!-- This site is optimized with the Yoast SEO plugin v27.4 - https:\/\/yoast.com\/product\/yoast-seo-wordpress\/ -->\n<title>Etusivulle - P\u00f5hjakivi<\/title>\n<meta name=\"robots\" content=\"index, follow, max-snippet:-1, max-image-preview:large, max-video-preview:-1\" \/>\n<link rel=\"canonical\" href=\"https:\/\/paekivi.ee\/fi\/\" \/>\n<meta property=\"og:locale\" content=\"fi_FI\" \/>\n<meta property=\"og:type\" content=\"article\" \/>\n<meta property=\"og:title\" content=\"Etusivulle - P\u00f5hjakivi\" \/>\n<meta property=\"og:url\" content=\"https:\/\/paekivi.ee\/fi\/\" \/>\n<meta property=\"og:site_name\" content=\"P\u00f5hjakivi\" \/>\n<meta property=\"article:modified_time\" content=\"2022-07-27T08:04:46+00:00\" \/>\n<meta name=\"twitter:card\" content=\"summary_large_image\" \/>\n<meta name=\"twitter:label1\" content=\"Arvioitu lukuaika\" \/>\n\t<meta name=\"twitter:data1\" content=\"6 minuuttia\" \/>\n<script type=\"application\/ld+json\" class=\"yoast-schema-graph\">{\"@context\":\"https:\\\/\\\/schema.org\",\"@graph\":[{\"@type\":\"WebPage\",\"@id\":\"https:\\\/\\\/paekivi.ee\\\/fi\\\/\",\"url\":\"https:\\\/\\\/paekivi.ee\\\/fi\\\/\",\"name\":\"Etusivulle - P\u00f5hjakivi\",\"isPartOf\":{\"@id\":\"https:\\\/\\\/paekivi.ee\\\/#website\"},\"datePublished\":\"2022-02-03T15:08:22+00:00\",\"dateModified\":\"2022-07-27T08:04:46+00:00\",\"breadcrumb\":{\"@id\":\"https:\\\/\\\/paekivi.ee\\\/fi\\\/#breadcrumb\"},\"inLanguage\":\"fi\",\"potentialAction\":[{\"@type\":\"ReadAction\",\"target\":[\"https:\\\/\\\/paekivi.ee\\\/fi\\\/\"]}]},{\"@type\":\"BreadcrumbList\",\"@id\":\"https:\\\/\\\/paekivi.ee\\\/fi\\\/#breadcrumb\",\"itemListElement\":[{\"@type\":\"ListItem\",\"position\":1,\"name\":\"Home\",\"item\":\"https:\\\/\\\/paekivi.ee\\\/fi\\\/\"},{\"@type\":\"ListItem\",\"position\":2,\"name\":\"Etusivulle\"}]},{\"@type\":\"WebSite\",\"@id\":\"https:\\\/\\\/paekivi.ee\\\/#website\",\"url\":\"https:\\\/\\\/paekivi.ee\\\/\",\"name\":\"P\u00f5hjakivi\",\"description\":\"Viimistletud kvaliteetne paekivi\",\"publisher\":{\"@id\":\"https:\\\/\\\/paekivi.ee\\\/#organization\"},\"potentialAction\":[{\"@type\":\"SearchAction\",\"target\":{\"@type\":\"EntryPoint\",\"urlTemplate\":\"https:\\\/\\\/paekivi.ee\\\/?s={search_term_string}\"},\"query-input\":{\"@type\":\"PropertyValueSpecification\",\"valueRequired\":true,\"valueName\":\"search_term_string\"}}],\"inLanguage\":\"fi\"},{\"@type\":\"Organization\",\"@id\":\"https:\\\/\\\/paekivi.ee\\\/#organization\",\"name\":\"P\u00f5hjakivi\",\"url\":\"https:\\\/\\\/paekivi.ee\\\/\",\"logo\":{\"@type\":\"ImageObject\",\"inLanguage\":\"fi\",\"@id\":\"https:\\\/\\\/paekivi.ee\\\/#\\\/schema\\\/logo\\\/image\\\/\",\"url\":\"https:\\\/\\\/paekivi.ee\\\/wp-content\\\/uploads\\\/2022\\\/02\\\/p6hjakivi_logo-012.png\",\"contentUrl\":\"https:\\\/\\\/paekivi.ee\\\/wp-content\\\/uploads\\\/2022\\\/02\\\/p6hjakivi_logo-012.png\",\"width\":362,\"height\":80,\"caption\":\"P\u00f5hjakivi\"},\"image\":{\"@id\":\"https:\\\/\\\/paekivi.ee\\\/#\\\/schema\\\/logo\\\/image\\\/\"}}]}<\/script>\n<!-- \/ Yoast SEO plugin. -->","yoast_head_json":{"title":"Etusivulle - P\u00f5hjakivi","robots":{"index":"index","follow":"follow","max-snippet":"max-snippet:-1","max-image-preview":"max-image-preview:large","max-video-preview":"max-video-preview:-1"},"canonical":"https:\/\/paekivi.ee\/fi\/","og_locale":"fi_FI","og_type":"article","og_title":"Etusivulle - P\u00f5hjakivi","og_url":"https:\/\/paekivi.ee\/fi\/","og_site_name":"P\u00f5hjakivi","article_modified_time":"2022-07-27T08:04:46+00:00","twitter_card":"summary_large_image","twitter_misc":{"Arvioitu lukuaika":"6 minuuttia"},"schema":{"@context":"https:\/\/schema.org","@graph":[{"@type":"WebPage","@id":"https:\/\/paekivi.ee\/fi\/","url":"https:\/\/paekivi.ee\/fi\/","name":"Etusivulle - P\u00f5hjakivi","isPartOf":{"@id":"https:\/\/paekivi.ee\/#website"},"datePublished":"2022-02-03T15:08:22+00:00","dateModified":"2022-07-27T08:04:46+00:00","breadcrumb":{"@id":"https:\/\/paekivi.ee\/fi\/#breadcrumb"},"inLanguage":"fi","potentialAction":[{"@type":"ReadAction","target":["https:\/\/paekivi.ee\/fi\/"]}]},{"@type":"BreadcrumbList","@id":"https:\/\/paekivi.ee\/fi\/#breadcrumb","itemListElement":[{"@type":"ListItem","position":1,"name":"Home","item":"https:\/\/paekivi.ee\/fi\/"},{"@type":"ListItem","position":2,"name":"Etusivulle"}]},{"@type":"WebSite","@id":"https:\/\/paekivi.ee\/#website","url":"https:\/\/paekivi.ee\/","name":"P\u00f5hjakivi","description":"Viimistletud kvaliteetne paekivi","publisher":{"@id":"https:\/\/paekivi.ee\/#organization"},"potentialAction":[{"@type":"SearchAction","target":{"@type":"EntryPoint","urlTemplate":"https:\/\/paekivi.ee\/?s={search_term_string}"},"query-input":{"@type":"PropertyValueSpecification","valueRequired":true,"valueName":"search_term_string"}}],"inLanguage":"fi"},{"@type":"Organization","@id":"https:\/\/paekivi.ee\/#organization","name":"P\u00f5hjakivi","url":"https:\/\/paekivi.ee\/","logo":{"@type":"ImageObject","inLanguage":"fi","@id":"https:\/\/paekivi.ee\/#\/schema\/logo\/image\/","url":"https:\/\/paekivi.ee\/wp-content\/uploads\/2022\/02\/p6hjakivi_logo-012.png","contentUrl":"https:\/\/paekivi.ee\/wp-content\/uploads\/2022\/02\/p6hjakivi_logo-012.png","width":362,"height":80,"caption":"P\u00f5hjakivi"},"image":{"@id":"https:\/\/paekivi.ee\/#\/schema\/logo\/image\/"}}]}},"_links":{"self":[{"href":"https:\/\/paekivi.ee\/fi\/wp-json\/wp\/v2\/pages\/627","targetHints":{"allow":["GET"]}}],"collection":[{"href":"https:\/\/paekivi.ee\/fi\/wp-json\/wp\/v2\/pages"}],"about":[{"href":"https:\/\/paekivi.ee\/fi\/wp-json\/wp\/v2\/types\/page"}],"author":[{"embeddable":true,"href":"https:\/\/paekivi.ee\/fi\/wp-json\/wp\/v2\/users\/1"}],"replies":[{"embeddable":true,"href":"https:\/\/paekivi.ee\/fi\/wp-json\/wp\/v2\/comments?post=627"}],"version-history":[{"count":5,"href":"https:\/\/paekivi.ee\/fi\/wp-json\/wp\/v2\/pages\/627\/revisions"}],"predecessor-version":[{"id":731,"href":"https:\/\/paekivi.ee\/fi\/wp-json\/wp\/v2\/pages\/627\/revisions\/731"}],"wp:attachment":[{"href":"https:\/\/paekivi.ee\/fi\/wp-json\/wp\/v2\/media?parent=627"}],"curies":[{"name":"wp","href":"https:\/\/api.w.org\/{rel}","templated":true}]}}