{"id":614,"date":"2022-02-04T05:12:13","date_gmt":"2022-02-04T05:12:13","guid":{"rendered":"https:\/\/paekivi.ee\/louhiminen\/"},"modified":"2022-05-02T08:21:33","modified_gmt":"2022-05-02T08:21:33","slug":"louhiminen","status":"publish","type":"page","link":"https:\/\/paekivi.ee\/fi\/louhiminen\/","title":{"rendered":"Louhiminen"},"content":{"rendered":"<div class=\"fusion-fullwidth fullwidth-box fusion-builder-row-1 fusion-flex-container nonhundred-percent-fullwidth non-hundred-percent-height-scrolling\" style=\"--awb-border-radius-top-left:0px;--awb-border-radius-top-right:0px;--awb-border-radius-bottom-right:0px;--awb-border-radius-bottom-left:0px;--awb-flex-wrap:wrap;\" ><div class=\"fusion-builder-row fusion-row fusion-flex-align-items-center fusion-flex-justify-content-center fusion-flex-content-wrap\" style=\"max-width:1248px;margin-left: calc(-4% \/ 2 );margin-right: calc(-4% \/ 2 );\"><div class=\"fusion-layout-column fusion_builder_column fusion-builder-column-0 fusion_builder_column_1_2 1_2 fusion-flex-column\" style=\"--awb-bg-size:cover;--awb-width-large:50%;--awb-margin-top-large:0px;--awb-spacing-right-large:3.84%;--awb-margin-bottom-large:20px;--awb-spacing-left-large:3.84%;--awb-width-medium:50%;--awb-order-medium:0;--awb-spacing-right-medium:3.84%;--awb-spacing-left-medium:3.84%;--awb-width-small:100%;--awb-order-small:0;--awb-spacing-right-small:1.92%;--awb-spacing-left-small:1.92%;\"><div class=\"fusion-column-wrapper fusion-column-has-shadow fusion-flex-justify-content-flex-start fusion-content-layout-column\"><div class=\"fusion-text fusion-text-1\" style=\"--awb-text-transform:none;\"><h1>Louhiminen<\/h1>\n<p>P\u00f5hjakivi uskoo tuotantoprosessin pitk\u00e4j\u00e4nteisyyteen ja soveltaa sit\u00e4 kokonaisvaltaisesti aina louhinnasta muotoiluun asti. Kaikki alkaa kalkkikiven louhinnasta ja jotta se voitaisiin tehd\u00e4 mahdollisimman tehokkaasti, h\u00e4vikki\u00e4 minimoiden, k\u00e4yt\u00e4mme joka kerroksessa eriasteista s\u00e4hk\u00f6sahaustekniikkaa. On t\u00e4rke\u00e4\u00e4 havaita kalkkikivikerrostumien luonnonmukaiset murtumat ja kulkea niiden mukaisesti, jolla saavutetaan hyv\u00e4 liuskekoko. Sahauksen j\u00e4lkeen, raskaampi kalusto nostaa liuskekivet yksitellen yl\u00f6s ja kuljettaa ne varastoon odottamaan prosessointia. Kaikkeen t\u00e4h\u00e4n vaaditaan kokemusta ja tietoutta, joka on periytynyt sukupolvelta toiselle ja jonka oppimiseen kuluu vuosikausia. <\/p>\n<p>T\u00e4m\u00e4n j\u00e4lkeen kalkkikiviliuskeet k\u00e4sitell\u00e4\u00e4n tarkalleen tilausten mukaisesti. Joka kerrostumalla on tietyt ominaisuudet, jotka soveltuvat erilaisille kalkkikivituotteille. P\u00f5hjakiven ty\u00f6ntekij\u00e4t tuntevat kivens\u00e4 paremmin kuin omat taskunsa ja poistavat siit\u00e4 kaiken ylim\u00e4\u00e4r\u00e4isen materiaalin. Mit\u00e4\u00e4n ei silti mene hukkaan, sill\u00e4 olemme kehitt\u00e4neet erilaisia tuoteperheit\u00e4 monessa eri koossa. N\u00e4in k\u00e4yt\u00e4mme 90-95% kaikesta kivest\u00e4. J\u00e4ljell\u00e4 j\u00e4\u00e4nyt materiaali k\u00e4ytet\u00e4\u00e4n tiety\u00f6mailla ja louhosten maisemoinnissa, kun kaivostoiminta on saavuttanut p\u00e4\u00e4m\u00e4\u00e4r\u00e4ns\u00e4.<\/p>\n<\/div><\/div><\/div><div class=\"fusion-layout-column fusion_builder_column fusion-builder-column-1 fusion_builder_column_1_2 1_2 fusion-flex-column\" style=\"--awb-bg-size:cover;--awb-width-large:50%;--awb-margin-top-large:0px;--awb-spacing-right-large:3.84%;--awb-margin-bottom-large:20px;--awb-spacing-left-large:3.84%;--awb-width-medium:50%;--awb-order-medium:0;--awb-spacing-right-medium:3.84%;--awb-spacing-left-medium:3.84%;--awb-width-small:100%;--awb-order-small:0;--awb-spacing-right-small:1.92%;--awb-spacing-left-small:1.92%;\"><div class=\"fusion-column-wrapper fusion-column-has-shadow fusion-flex-justify-content-flex-start fusion-content-layout-column\"><div class=\"fusion-slider-sc\"><div class=\"fusion-flexslider-loading flexslider flexslider-hover-type-none\" data-slideshow_autoplay=\"1\" data-slideshow_smooth_height=\"0\" data-slideshow_speed=\"7000\" style=\"max-width:100%;height:100%;\"><ul class=\"slides\"><li class=\"image\"><span class=\"fusion-image-hover-element hover-type-none\"><img decoding=\"async\" src=\"https:\/\/paekivi.ee\/wp-content\/uploads\/2022\/02\/Peakivi-murdmine1.jpeg\" width=\"1022\" height=\"768\" class=\"wp-image-112\" srcset=\"https:\/\/paekivi.ee\/wp-content\/uploads\/2022\/02\/Peakivi-murdmine1-200x150.jpeg 200w, https:\/\/paekivi.ee\/wp-content\/uploads\/2022\/02\/Peakivi-murdmine1-400x301.jpeg 400w, https:\/\/paekivi.ee\/wp-content\/uploads\/2022\/02\/Peakivi-murdmine1-600x451.jpeg 600w, https:\/\/paekivi.ee\/wp-content\/uploads\/2022\/02\/Peakivi-murdmine1-800x601.jpeg 800w, https:\/\/paekivi.ee\/wp-content\/uploads\/2022\/02\/Peakivi-murdmine1.jpeg 1022w\" sizes=\"(max-width: 640px) 100vw, 600px\" \/><\/span><\/li><li class=\"image\"><span class=\"fusion-image-hover-element hover-type-none\"><img decoding=\"async\" src=\"https:\/\/paekivi.ee\/wp-content\/uploads\/2022\/02\/Peakivi-murdmine2.jpeg\" width=\"1024\" height=\"768\" class=\"wp-image-113\" srcset=\"https:\/\/paekivi.ee\/wp-content\/uploads\/2022\/02\/Peakivi-murdmine2-200x150.jpeg 200w, https:\/\/paekivi.ee\/wp-content\/uploads\/2022\/02\/Peakivi-murdmine2-400x300.jpeg 400w, https:\/\/paekivi.ee\/wp-content\/uploads\/2022\/02\/Peakivi-murdmine2-600x450.jpeg 600w, https:\/\/paekivi.ee\/wp-content\/uploads\/2022\/02\/Peakivi-murdmine2-800x600.jpeg 800w, https:\/\/paekivi.ee\/wp-content\/uploads\/2022\/02\/Peakivi-murdmine2.jpeg 1024w\" sizes=\"(max-width: 640px) 100vw, 600px\" \/><\/span><\/li><li class=\"image\"><span class=\"fusion-image-hover-element hover-type-none\"><img decoding=\"async\" src=\"https:\/\/paekivi.ee\/wp-content\/uploads\/2022\/02\/Peakivi-murdmine3.jpeg\" width=\"1024\" height=\"768\" class=\"wp-image-114\" srcset=\"https:\/\/paekivi.ee\/wp-content\/uploads\/2022\/02\/Peakivi-murdmine3-200x150.jpeg 200w, https:\/\/paekivi.ee\/wp-content\/uploads\/2022\/02\/Peakivi-murdmine3-400x300.jpeg 400w, https:\/\/paekivi.ee\/wp-content\/uploads\/2022\/02\/Peakivi-murdmine3-600x450.jpeg 600w, https:\/\/paekivi.ee\/wp-content\/uploads\/2022\/02\/Peakivi-murdmine3-800x600.jpeg 800w, https:\/\/paekivi.ee\/wp-content\/uploads\/2022\/02\/Peakivi-murdmine3.jpeg 1024w\" sizes=\"(max-width: 640px) 100vw, 600px\" \/><\/span><\/li><\/ul><\/div><\/div><\/div><\/div><div class=\"fusion-layout-column fusion_builder_column fusion-builder-column-2 fusion_builder_column_1_2 1_2 fusion-flex-column\" style=\"--awb-bg-size:cover;--awb-width-large:50%;--awb-margin-top-large:0px;--awb-spacing-right-large:3.84%;--awb-margin-bottom-large:20px;--awb-spacing-left-large:3.84%;--awb-width-medium:50%;--awb-order-medium:0;--awb-spacing-right-medium:3.84%;--awb-spacing-left-medium:3.84%;--awb-width-small:100%;--awb-order-small:0;--awb-spacing-right-small:1.92%;--awb-spacing-left-small:1.92%;\"><div class=\"fusion-column-wrapper fusion-column-has-shadow fusion-flex-justify-content-flex-start fusion-content-layout-column\"><div class=\"fusion-image-element \" style=\"--awb-aspect-ratio:1 \/ 1;--awb-object-position:49% 56%;--awb-caption-title-font-family:var(--h2_typography-font-family);--awb-caption-title-font-weight:var(--h2_typography-font-weight);--awb-caption-title-font-style:var(--h2_typography-font-style);--awb-caption-title-size:var(--h2_typography-font-size);--awb-caption-title-transform:var(--h2_typography-text-transform);--awb-caption-title-line-height:var(--h2_typography-line-height);--awb-caption-title-letter-spacing:var(--h2_typography-letter-spacing);\"><span class=\" fusion-imageframe imageframe-none imageframe-1 hover-type-none has-aspect-ratio\"><img decoding=\"async\" width=\"768\" height=\"1024\" title=\"Paekivi kivi murdmine\" src=\"https:\/\/paekivi.ee\/wp-content\/uploads\/2022\/02\/Paekivi-kivi-murdmine.jpeg\" class=\"img-responsive wp-image-361 img-with-aspect-ratio\" data-parent-fit=\"cover\" data-parent-container=\".fusion-image-element\" alt srcset=\"https:\/\/paekivi.ee\/wp-content\/uploads\/2022\/02\/Paekivi-kivi-murdmine-200x267.jpeg 200w, https:\/\/paekivi.ee\/wp-content\/uploads\/2022\/02\/Paekivi-kivi-murdmine-400x533.jpeg 400w, https:\/\/paekivi.ee\/wp-content\/uploads\/2022\/02\/Paekivi-kivi-murdmine-600x800.jpeg 600w, https:\/\/paekivi.ee\/wp-content\/uploads\/2022\/02\/Paekivi-kivi-murdmine.jpeg 768w\" sizes=\"(max-width: 640px) 100vw, 600px\" \/><\/span><\/div><\/div><\/div><div class=\"fusion-layout-column fusion_builder_column fusion-builder-column-3 fusion_builder_column_1_2 1_2 fusion-flex-column fusion-flex-align-self-center\" style=\"--awb-bg-size:cover;--awb-width-large:50%;--awb-margin-top-large:0px;--awb-spacing-right-large:3.84%;--awb-margin-bottom-large:20px;--awb-spacing-left-large:3.84%;--awb-width-medium:50%;--awb-order-medium:0;--awb-spacing-right-medium:3.84%;--awb-spacing-left-medium:3.84%;--awb-width-small:100%;--awb-order-small:0;--awb-spacing-right-small:1.92%;--awb-spacing-left-small:1.92%;\"><div class=\"fusion-column-wrapper fusion-column-has-shadow fusion-flex-justify-content-flex-start fusion-content-layout-column\"><div class=\"fusion-text fusion-text-2\" style=\"--awb-text-transform:none;\"><p>Luonnonkivituotteita suositaan Euroopassa, sill\u00e4 niill\u00e4 on hyvin pitk\u00e4 elinkaari muihin materiaaleihin verrattuna, eiv\u00e4tk\u00e4 ne sis\u00e4ll\u00e4 tuotantoon ja k\u00e4ytt\u00f6\u00f6n liittyvi\u00e4 haitallisia ainesosia. Luonnonkive\u00e4 pidet\u00e4\u00e4nkin yhten\u00e4 ymp\u00e4rist\u00f6yst\u00e4v\u00e4llisimmist\u00e4 rakennusmateriaaleista. Tuotantoprosessimme on turvallinen ja ylij\u00e4\u00e4v\u00e4 materiaali palautuu puhtaana takaisin luontoon. N\u00e4in maaper\u00e4 sekoittuu ravitseviin mineraaleihin, jolloin ne saavat sekoittua ylimpien maakerrosten kanssa ja samalla lis\u00e4\u00e4v\u00e4t kasvien kasvuvoimaa.<\/p>\n<p>Olet saattanut n\u00e4hd\u00e4, miten villiorkideat kukkivat kev\u00e4isin runsain m\u00e4\u00e4rin vanhojen kaivausten alueilla. N\u00e4in tulee k\u00e4ym\u00e4\u00e4n my\u00f6s P\u00f5hjakiven louhoksilla.<\/p>\n<\/div><\/div><\/div><\/div><\/div>\n","protected":false},"excerpt":{"rendered":"","protected":false},"author":1,"featured_media":0,"parent":0,"menu_order":0,"comment_status":"closed","ping_status":"closed","template":"","meta":{"_acf_changed":false,"footnotes":""},"class_list":["post-614","page","type-page","status-publish","hentry"],"acf":[],"yoast_head":"<!-- This site is optimized with the Yoast SEO plugin v27.4 - https:\/\/yoast.com\/product\/yoast-seo-wordpress\/ -->\n<title>Louhiminen - P\u00f5hjakivi<\/title>\n<meta name=\"robots\" content=\"index, follow, max-snippet:-1, max-image-preview:large, max-video-preview:-1\" \/>\n<link rel=\"canonical\" href=\"https:\/\/paekivi.ee\/fi\/louhiminen\/\" \/>\n<meta property=\"og:locale\" content=\"fi_FI\" \/>\n<meta property=\"og:type\" content=\"article\" \/>\n<meta property=\"og:title\" content=\"Louhiminen - P\u00f5hjakivi\" \/>\n<meta property=\"og:url\" content=\"https:\/\/paekivi.ee\/fi\/louhiminen\/\" \/>\n<meta property=\"og:site_name\" content=\"P\u00f5hjakivi\" \/>\n<meta property=\"article:modified_time\" content=\"2022-05-02T08:21:33+00:00\" \/>\n<meta name=\"twitter:card\" content=\"summary_large_image\" \/>\n<meta name=\"twitter:label1\" content=\"Arvioitu lukuaika\" \/>\n\t<meta name=\"twitter:data1\" content=\"10 minuuttia\" \/>\n<script type=\"application\/ld+json\" class=\"yoast-schema-graph\">{\"@context\":\"https:\\\/\\\/schema.org\",\"@graph\":[{\"@type\":\"WebPage\",\"@id\":\"https:\\\/\\\/paekivi.ee\\\/fi\\\/louhiminen\\\/\",\"url\":\"https:\\\/\\\/paekivi.ee\\\/fi\\\/louhiminen\\\/\",\"name\":\"Louhiminen - P\u00f5hjakivi\",\"isPartOf\":{\"@id\":\"https:\\\/\\\/paekivi.ee\\\/#website\"},\"datePublished\":\"2022-02-04T05:12:13+00:00\",\"dateModified\":\"2022-05-02T08:21:33+00:00\",\"breadcrumb\":{\"@id\":\"https:\\\/\\\/paekivi.ee\\\/fi\\\/louhiminen\\\/#breadcrumb\"},\"inLanguage\":\"fi\",\"potentialAction\":[{\"@type\":\"ReadAction\",\"target\":[\"https:\\\/\\\/paekivi.ee\\\/fi\\\/louhiminen\\\/\"]}]},{\"@type\":\"BreadcrumbList\",\"@id\":\"https:\\\/\\\/paekivi.ee\\\/fi\\\/louhiminen\\\/#breadcrumb\",\"itemListElement\":[{\"@type\":\"ListItem\",\"position\":1,\"name\":\"Home\",\"item\":\"https:\\\/\\\/paekivi.ee\\\/fi\\\/\"},{\"@type\":\"ListItem\",\"position\":2,\"name\":\"Louhiminen\"}]},{\"@type\":\"WebSite\",\"@id\":\"https:\\\/\\\/paekivi.ee\\\/#website\",\"url\":\"https:\\\/\\\/paekivi.ee\\\/\",\"name\":\"P\u00f5hjakivi\",\"description\":\"Viimistletud kvaliteetne paekivi\",\"publisher\":{\"@id\":\"https:\\\/\\\/paekivi.ee\\\/#organization\"},\"potentialAction\":[{\"@type\":\"SearchAction\",\"target\":{\"@type\":\"EntryPoint\",\"urlTemplate\":\"https:\\\/\\\/paekivi.ee\\\/?s={search_term_string}\"},\"query-input\":{\"@type\":\"PropertyValueSpecification\",\"valueRequired\":true,\"valueName\":\"search_term_string\"}}],\"inLanguage\":\"fi\"},{\"@type\":\"Organization\",\"@id\":\"https:\\\/\\\/paekivi.ee\\\/#organization\",\"name\":\"P\u00f5hjakivi\",\"url\":\"https:\\\/\\\/paekivi.ee\\\/\",\"logo\":{\"@type\":\"ImageObject\",\"inLanguage\":\"fi\",\"@id\":\"https:\\\/\\\/paekivi.ee\\\/#\\\/schema\\\/logo\\\/image\\\/\",\"url\":\"https:\\\/\\\/paekivi.ee\\\/wp-content\\\/uploads\\\/2022\\\/02\\\/p6hjakivi_logo-012.png\",\"contentUrl\":\"https:\\\/\\\/paekivi.ee\\\/wp-content\\\/uploads\\\/2022\\\/02\\\/p6hjakivi_logo-012.png\",\"width\":362,\"height\":80,\"caption\":\"P\u00f5hjakivi\"},\"image\":{\"@id\":\"https:\\\/\\\/paekivi.ee\\\/#\\\/schema\\\/logo\\\/image\\\/\"}}]}<\/script>\n<!-- \/ Yoast SEO plugin. -->","yoast_head_json":{"title":"Louhiminen - P\u00f5hjakivi","robots":{"index":"index","follow":"follow","max-snippet":"max-snippet:-1","max-image-preview":"max-image-preview:large","max-video-preview":"max-video-preview:-1"},"canonical":"https:\/\/paekivi.ee\/fi\/louhiminen\/","og_locale":"fi_FI","og_type":"article","og_title":"Louhiminen - P\u00f5hjakivi","og_url":"https:\/\/paekivi.ee\/fi\/louhiminen\/","og_site_name":"P\u00f5hjakivi","article_modified_time":"2022-05-02T08:21:33+00:00","twitter_card":"summary_large_image","twitter_misc":{"Arvioitu lukuaika":"10 minuuttia"},"schema":{"@context":"https:\/\/schema.org","@graph":[{"@type":"WebPage","@id":"https:\/\/paekivi.ee\/fi\/louhiminen\/","url":"https:\/\/paekivi.ee\/fi\/louhiminen\/","name":"Louhiminen - P\u00f5hjakivi","isPartOf":{"@id":"https:\/\/paekivi.ee\/#website"},"datePublished":"2022-02-04T05:12:13+00:00","dateModified":"2022-05-02T08:21:33+00:00","breadcrumb":{"@id":"https:\/\/paekivi.ee\/fi\/louhiminen\/#breadcrumb"},"inLanguage":"fi","potentialAction":[{"@type":"ReadAction","target":["https:\/\/paekivi.ee\/fi\/louhiminen\/"]}]},{"@type":"BreadcrumbList","@id":"https:\/\/paekivi.ee\/fi\/louhiminen\/#breadcrumb","itemListElement":[{"@type":"ListItem","position":1,"name":"Home","item":"https:\/\/paekivi.ee\/fi\/"},{"@type":"ListItem","position":2,"name":"Louhiminen"}]},{"@type":"WebSite","@id":"https:\/\/paekivi.ee\/#website","url":"https:\/\/paekivi.ee\/","name":"P\u00f5hjakivi","description":"Viimistletud kvaliteetne paekivi","publisher":{"@id":"https:\/\/paekivi.ee\/#organization"},"potentialAction":[{"@type":"SearchAction","target":{"@type":"EntryPoint","urlTemplate":"https:\/\/paekivi.ee\/?s={search_term_string}"},"query-input":{"@type":"PropertyValueSpecification","valueRequired":true,"valueName":"search_term_string"}}],"inLanguage":"fi"},{"@type":"Organization","@id":"https:\/\/paekivi.ee\/#organization","name":"P\u00f5hjakivi","url":"https:\/\/paekivi.ee\/","logo":{"@type":"ImageObject","inLanguage":"fi","@id":"https:\/\/paekivi.ee\/#\/schema\/logo\/image\/","url":"https:\/\/paekivi.ee\/wp-content\/uploads\/2022\/02\/p6hjakivi_logo-012.png","contentUrl":"https:\/\/paekivi.ee\/wp-content\/uploads\/2022\/02\/p6hjakivi_logo-012.png","width":362,"height":80,"caption":"P\u00f5hjakivi"},"image":{"@id":"https:\/\/paekivi.ee\/#\/schema\/logo\/image\/"}}]}},"_links":{"self":[{"href":"https:\/\/paekivi.ee\/fi\/wp-json\/wp\/v2\/pages\/614","targetHints":{"allow":["GET"]}}],"collection":[{"href":"https:\/\/paekivi.ee\/fi\/wp-json\/wp\/v2\/pages"}],"about":[{"href":"https:\/\/paekivi.ee\/fi\/wp-json\/wp\/v2\/types\/page"}],"author":[{"embeddable":true,"href":"https:\/\/paekivi.ee\/fi\/wp-json\/wp\/v2\/users\/1"}],"replies":[{"embeddable":true,"href":"https:\/\/paekivi.ee\/fi\/wp-json\/wp\/v2\/comments?post=614"}],"version-history":[{"count":2,"href":"https:\/\/paekivi.ee\/fi\/wp-json\/wp\/v2\/pages\/614\/revisions"}],"predecessor-version":[{"id":616,"href":"https:\/\/paekivi.ee\/fi\/wp-json\/wp\/v2\/pages\/614\/revisions\/616"}],"wp:attachment":[{"href":"https:\/\/paekivi.ee\/fi\/wp-json\/wp\/v2\/media?parent=614"}],"curies":[{"name":"wp","href":"https:\/\/api.w.org\/{rel}","templated":true}]}}